{"id":8173,"date":"2024-06-20T14:07:51","date_gmt":"2024-06-20T14:07:51","guid":{"rendered":"https:\/\/drlalebakir.com\/%d0%bf%d0%be%d1%87%d0%b5%d0%bc%d1%83-%d1%8f-%d0%bd%d0%b5-%d0%bc%d0%be%d0%b3%d1%83-%d0%b7%d0%b0%d0%b1%d0%b5%d1%80%d0%b5%d0%bc%d0%b5%d0%bd%d0%b5%d1%82%d1%8c\/"},"modified":"2025-05-28T14:56:45","modified_gmt":"2025-05-28T14:56:45","slug":"%d0%bf%d0%be%d1%87%d0%b5%d0%bc%d1%83-%d1%8f-%d0%bd%d0%b5-%d0%bc%d0%be%d0%b3%d1%83-%d0%b7%d0%b0%d0%b1%d0%b5%d1%80%d0%b5%d0%bc%d0%b5%d0%bd%d0%b5%d1%82%d1%8c","status":"publish","type":"page","link":"https:\/\/drlalebakir.com\/ru\/%d0%bf%d0%be%d1%87%d0%b5%d0%bc%d1%83-%d1%8f-%d0%bd%d0%b5-%d0%bc%d0%be%d0%b3%d1%83-%d0%b7%d0%b0%d0%b1%d0%b5%d1%80%d0%b5%d0%bc%d0%b5%d0%bd%d0%b5%d1%82%d1%8c\/","title":{"rendered":"\u041f\u043e\u0447\u0435\u043c\u0443 \u044f \u043d\u0435 \u043c\u043e\u0433\u0443 \u0437\u0430\u0431\u0435\u0440\u0435\u043c\u0435\u043d\u0435\u0442\u044c"},"content":{"rendered":"\t\t<div data-elementor-type=\"wp-page\" data-elementor-id=\"8173\" class=\"elementor elementor-8173 elementor-6029\" data-elementor-post-type=\"page\">\n\t\t\t\t\t\t<section class=\"has_ma_el_bg_slider elementor-section elementor-top-section elementor-element elementor-element-24b9a80 elementor-section-content-top elementor-section-boxed elementor-section-height-default elementor-section-height-default jltma-glass-effect-no\" data-id=\"24b9a80\" data-element_type=\"section\" data-settings=\"{&quot;ekit_has_onepagescroll_dot&quot;:&quot;yes&quot;}\">\n\t\t\t\t\t\t<div class=\"elementor-container elementor-column-gap-narrow\">\n\t\t\t\t\t<div class=\"has_ma_el_bg_slider elementor-column elementor-col-33 elementor-top-column elementor-element elementor-element-3495067 jltma-glass-effect-no\" data-id=\"3495067\" data-element_type=\"column\">\n\t\t\t<div class=\"elementor-widget-wrap elementor-element-populated\">\n\t\t\t\t\t\t<div class=\"elementor-element elementor-element-5edc3a7 elementor-widget__width-initial jltma-glass-effect-no elementor-widget elementor-widget-image\" data-id=\"5edc3a7\" data-element_type=\"widget\" data-settings=\"{&quot;ekit_we_effect_on&quot;:&quot;none&quot;}\" data-widget_type=\"image.default\">\n\t\t\t\t<div class=\"elementor-widget-container\">\n\t\t\t\t\t\t\t\t\t\t\t\t\t\t\t<img fetchpriority=\"high\" decoding=\"async\" width=\"626\" height=\"626\" src=\"https:\/\/drlalebakir.com\/wp-content\/uploads\/2024\/06\/woman.jpg\" class=\"attachment-full size-full wp-image-7699\" alt=\"\" srcset=\"https:\/\/drlalebakir.com\/wp-content\/uploads\/2024\/06\/woman.jpg 626w, https:\/\/drlalebakir.com\/wp-content\/uploads\/2024\/06\/woman-300x300.jpg 300w, https:\/\/drlalebakir.com\/wp-content\/uploads\/2024\/06\/woman-150x150.jpg 150w\" sizes=\"(max-width: 626px) 100vw, 626px\" \/>\t\t\t\t\t\t\t\t\t\t\t\t\t\t\t<\/div>\n\t\t\t\t<\/div>\n\t\t\t\t<div class=\"elementor-element elementor-element-2d6ff27 jltma-glass-effect-no elementor-widget elementor-widget-heading\" data-id=\"2d6ff27\" data-element_type=\"widget\" data-settings=\"{&quot;ekit_we_effect_on&quot;:&quot;none&quot;}\" data-widget_type=\"heading.default\">\n\t\t\t\t<div class=\"elementor-widget-container\">\n\t\t\t\t\t<h3 class=\"elementor-heading-title elementor-size-default\"><span style=\"font-family: Montserrat;font-size: 25px;text-transform: none\">\u0416\u0435\u043d\u0441\u043a\u043e\u0435 \u0431\u0435\u0441\u043f\u043b\u043e\u0434\u0438\u0435<\/span><\/h3>\t\t\t\t<\/div>\n\t\t\t\t<\/div>\n\t\t\t\t<div class=\"elementor-element elementor-element-936ab4a jltma-glass-effect-no elementor-widget elementor-widget-ma-creative-links\" data-id=\"936ab4a\" data-element_type=\"widget\" data-settings=\"{&quot;ekit_we_effect_on&quot;:&quot;none&quot;}\" data-widget_type=\"ma-creative-links.default\">\n\t\t\t\t<div class=\"elementor-widget-container\">\n\t\t\t\t\t\t\t\n\t\t\t<div class=\"jltma-creative-links jltma-cl-effect-1\" id=\"ma-creative-link-936ab4a\">\n\t\t\t\t<div class=\"jltma-creative-link\">\n\t\t\t\t\t<a class=\"jltma-creative-link-item\" href=\"\/endometriozis\/\" >\n\n\t\t\t\t\t\tEndometriozis\n\n\t\t\t\t\t\t\t\n\n\n\t\t\t\t\t\t\t\n\t\t\t\t\t\t\t\n\t\t\t\t\t<\/a>\n\t\t\t\t<\/div>\n\t\t\t<\/div>\n\n\t\t\t\n\t\t\t\t<\/div>\n\t\t\t\t<\/div>\n\t\t\t\t<div class=\"elementor-element elementor-element-4543bb9 jltma-glass-effect-no elementor-widget elementor-widget-ma-creative-links\" data-id=\"4543bb9\" data-element_type=\"widget\" data-settings=\"{&quot;ekit_we_effect_on&quot;:&quot;none&quot;}\" data-widget_type=\"ma-creative-links.default\">\n\t\t\t\t<div class=\"elementor-widget-container\">\n\t\t\t\t\t\t\t\n\t\t\t<div class=\"jltma-creative-links jltma-cl-effect-1\" id=\"ma-creative-link-4543bb9\">\n\t\t\t\t<div class=\"jltma-creative-link\">\n\t\t\t\t\t<a class=\"jltma-creative-link-item\" href=\"\/yumurta-rezerv-dusuklugu-amh\/\" >\n\n\t\t\t\t\t\tYumurta Rezerv D\u00fc\u015f\u00fckl\u00fc\u011f\u00fc (AMH)\n\n\t\t\t\t\t\t\t\n\n\n\t\t\t\t\t\t\t\n\t\t\t\t\t\t\t\n\t\t\t\t\t<\/a>\n\t\t\t\t<\/div>\n\t\t\t<\/div>\n\n\t\t\t\n\t\t\t\t<\/div>\n\t\t\t\t<\/div>\n\t\t\t\t<div class=\"elementor-element elementor-element-9479810 jltma-glass-effect-no elementor-widget elementor-widget-ma-creative-links\" data-id=\"9479810\" data-element_type=\"widget\" data-settings=\"{&quot;ekit_we_effect_on&quot;:&quot;none&quot;}\" data-widget_type=\"ma-creative-links.default\">\n\t\t\t\t<div class=\"elementor-widget-container\">\n\t\t\t\t\t\t\t\n\t\t\t<div class=\"jltma-creative-links jltma-cl-effect-1\" id=\"ma-creative-link-9479810\">\n\t\t\t\t<div class=\"jltma-creative-link\">\n\t\t\t\t\t<a class=\"jltma-creative-link-item\" href=\"https:\/\/drlalebakir.com\/polikistik-over-2\" >\n\n\t\t\t\t\t\tPolikistik Over\n\n\t\t\t\t\t\t\t\n\n\n\t\t\t\t\t\t\t\n\t\t\t\t\t\t\t\n\t\t\t\t\t<\/a>\n\t\t\t\t<\/div>\n\t\t\t<\/div>\n\n\t\t\t\n\t\t\t\t<\/div>\n\t\t\t\t<\/div>\n\t\t\t\t<div class=\"elementor-element elementor-element-28f8eae jltma-glass-effect-no elementor-widget elementor-widget-ma-creative-links\" data-id=\"28f8eae\" data-element_type=\"widget\" data-settings=\"{&quot;ekit_we_effect_on&quot;:&quot;none&quot;}\" data-widget_type=\"ma-creative-links.default\">\n\t\t\t\t<div class=\"elementor-widget-container\">\n\t\t\t\t\t\t\t\n\t\t\t<div class=\"jltma-creative-links jltma-cl-effect-1\" id=\"ma-creative-link-28f8eae\">\n\t\t\t\t<div class=\"jltma-creative-link\">\n\t\t\t\t\t<a class=\"jltma-creative-link-item\" href=\"\/erken-menopoz\/\" >\n\n\t\t\t\t\t\tErken Menopoz\n\n\t\t\t\t\t\t\t\n\n\n\t\t\t\t\t\t\t\n\t\t\t\t\t\t\t\n\t\t\t\t\t<\/a>\n\t\t\t\t<\/div>\n\t\t\t<\/div>\n\n\t\t\t\n\t\t\t\t<\/div>\n\t\t\t\t<\/div>\n\t\t\t\t<div class=\"elementor-element elementor-element-8e5e9f7 jltma-glass-effect-no elementor-widget elementor-widget-ma-creative-links\" data-id=\"8e5e9f7\" data-element_type=\"widget\" data-settings=\"{&quot;ekit_we_effect_on&quot;:&quot;none&quot;}\" data-widget_type=\"ma-creative-links.default\">\n\t\t\t\t<div class=\"elementor-widget-container\">\n\t\t\t\t\t\t\t\n\t\t\t<div class=\"jltma-creative-links jltma-cl-effect-1\" id=\"ma-creative-link-8e5e9f7\">\n\t\t\t\t<div class=\"jltma-creative-link\">\n\t\t\t\t\t<a class=\"jltma-creative-link-item\" href=\"\/ileri-yas\/\" >\n\n\t\t\t\t\t\t\u0130leri Ya\u015f\n\n\t\t\t\t\t\t\t\n\n\n\t\t\t\t\t\t\t\n\t\t\t\t\t\t\t\n\t\t\t\t\t<\/a>\n\t\t\t\t<\/div>\n\t\t\t<\/div>\n\n\t\t\t\n\t\t\t\t<\/div>\n\t\t\t\t<\/div>\n\t\t\t\t<div class=\"elementor-element elementor-element-15e1621 jltma-glass-effect-no elementor-widget elementor-widget-ma-creative-links\" data-id=\"15e1621\" data-element_type=\"widget\" data-settings=\"{&quot;ekit_we_effect_on&quot;:&quot;none&quot;}\" data-widget_type=\"ma-creative-links.default\">\n\t\t\t\t<div class=\"elementor-widget-container\">\n\t\t\t\t\t\t\t\n\t\t\t<div class=\"jltma-creative-links jltma-cl-effect-1\" id=\"ma-creative-link-15e1621\">\n\t\t\t\t<div class=\"jltma-creative-link\">\n\t\t\t\t\t<a class=\"jltma-creative-link-item\" href=\"\/tup-tikanikligi\/\" >\n\n\t\t\t\t\t\tT\u00fcp T\u0131kan\u0131kl\u0131\u011f\u0131\n\n\t\t\t\t\t\t\t\n\n\n\t\t\t\t\t\t\t\n\t\t\t\t\t\t\t\n\t\t\t\t\t<\/a>\n\t\t\t\t<\/div>\n\t\t\t<\/div>\n\n\t\t\t\n\t\t\t\t<\/div>\n\t\t\t\t<\/div>\n\t\t\t\t\t<\/div>\n\t\t<\/div>\n\t\t\t\t<div class=\"has_ma_el_bg_slider elementor-column elementor-col-33 elementor-top-column elementor-element elementor-element-1e8737f jltma-glass-effect-no\" data-id=\"1e8737f\" data-element_type=\"column\">\n\t\t\t<div class=\"elementor-widget-wrap elementor-element-populated\">\n\t\t\t\t\t\t<div class=\"elementor-element elementor-element-b3f060c elementor-widget__width-initial jltma-glass-effect-no elementor-widget elementor-widget-image\" data-id=\"b3f060c\" data-element_type=\"widget\" data-settings=\"{&quot;ekit_we_effect_on&quot;:&quot;none&quot;}\" data-widget_type=\"image.default\">\n\t\t\t\t<div class=\"elementor-widget-container\">\n\t\t\t\t\t\t\t\t\t\t\t\t\t\t\t<img decoding=\"async\" width=\"626\" height=\"626\" src=\"https:\/\/drlalebakir.com\/wp-content\/uploads\/2024\/06\/man.jpg\" class=\"attachment-full size-full wp-image-7704\" alt=\"\" srcset=\"https:\/\/drlalebakir.com\/wp-content\/uploads\/2024\/06\/man.jpg 626w, https:\/\/drlalebakir.com\/wp-content\/uploads\/2024\/06\/man-300x300.jpg 300w, https:\/\/drlalebakir.com\/wp-content\/uploads\/2024\/06\/man-150x150.jpg 150w\" sizes=\"(max-width: 626px) 100vw, 626px\" \/>\t\t\t\t\t\t\t\t\t\t\t\t\t\t\t<\/div>\n\t\t\t\t<\/div>\n\t\t\t\t<div class=\"elementor-element elementor-element-28a4210 jltma-glass-effect-no elementor-widget elementor-widget-heading\" data-id=\"28a4210\" data-element_type=\"widget\" data-settings=\"{&quot;ekit_we_effect_on&quot;:&quot;none&quot;}\" data-widget_type=\"heading.default\">\n\t\t\t\t<div class=\"elementor-widget-container\">\n\t\t\t\t\t<h3 class=\"elementor-heading-title elementor-size-default\"><span style=\"font-family: Montserrat;font-size: 25px;text-transform: none\">\u041c\u0443\u0436\u0441\u043a\u043e\u0435 \u0431\u0435\u0441\u043f\u043b\u043e\u0434\u0438\u0435<\/span><\/h3>\t\t\t\t<\/div>\n\t\t\t\t<\/div>\n\t\t\t\t<div class=\"elementor-element elementor-element-cd32c5d jltma-glass-effect-no elementor-widget elementor-widget-ma-creative-links\" data-id=\"cd32c5d\" data-element_type=\"widget\" data-settings=\"{&quot;ekit_we_effect_on&quot;:&quot;none&quot;}\" data-widget_type=\"ma-creative-links.default\">\n\t\t\t\t<div class=\"elementor-widget-container\">\n\t\t\t\t\t\t\t\n\t\t\t<div class=\"jltma-creative-links jltma-cl-effect-1\" id=\"ma-creative-link-cd32c5d\">\n\t\t\t\t<div class=\"jltma-creative-link\">\n\t\t\t\t\t<a class=\"jltma-creative-link-item\" href=\"\/azospermi\/\" >\n\n\t\t\t\t\t\tAzospermi\n\n\t\t\t\t\t\t\t\n\n\n\t\t\t\t\t\t\t\n\t\t\t\t\t\t\t\n\t\t\t\t\t<\/a>\n\t\t\t\t<\/div>\n\t\t\t<\/div>\n\n\t\t\t\n\t\t\t\t<\/div>\n\t\t\t\t<\/div>\n\t\t\t\t<div class=\"elementor-element elementor-element-e60bd68 jltma-glass-effect-no elementor-widget elementor-widget-ma-creative-links\" data-id=\"e60bd68\" data-element_type=\"widget\" data-settings=\"{&quot;ekit_we_effect_on&quot;:&quot;none&quot;}\" data-widget_type=\"ma-creative-links.default\">\n\t\t\t\t<div class=\"elementor-widget-container\">\n\t\t\t\t\t\t\t\n\t\t\t<div class=\"jltma-creative-links jltma-cl-effect-1\" id=\"ma-creative-link-e60bd68\">\n\t\t\t\t<div class=\"jltma-creative-link\">\n\t\t\t\t\t<a class=\"jltma-creative-link-item\" href=\"\/uroloji\/\" >\n\n\t\t\t\t\t\t\u00dcroloji\n\n\t\t\t\t\t\t\t\n\n\n\t\t\t\t\t\t\t\n\t\t\t\t\t\t\t\n\t\t\t\t\t<\/a>\n\t\t\t\t<\/div>\n\t\t\t<\/div>\n\n\t\t\t\n\t\t\t\t<\/div>\n\t\t\t\t<\/div>\n\t\t\t\t<div class=\"elementor-element elementor-element-dea377c jltma-glass-effect-no elementor-widget elementor-widget-ma-creative-links\" data-id=\"dea377c\" data-element_type=\"widget\" data-settings=\"{&quot;ekit_we_effect_on&quot;:&quot;none&quot;}\" data-widget_type=\"ma-creative-links.default\">\n\t\t\t\t<div class=\"elementor-widget-container\">\n\t\t\t\t\t\t\t\n\t\t\t<div class=\"jltma-creative-links jltma-cl-effect-1\" id=\"ma-creative-link-dea377c\">\n\t\t\t\t<div class=\"jltma-creative-link\">\n\t\t\t\t\t<a class=\"jltma-creative-link-item\" href=\"\/varikosel\/\" >\n\n\t\t\t\t\t\tVarikosel\n\n\t\t\t\t\t\t\t\n\n\n\t\t\t\t\t\t\t\n\t\t\t\t\t\t\t\n\t\t\t\t\t<\/a>\n\t\t\t\t<\/div>\n\t\t\t<\/div>\n\n\t\t\t\n\t\t\t\t<\/div>\n\t\t\t\t<\/div>\n\t\t\t\t<div class=\"elementor-element elementor-element-ac68452 jltma-glass-effect-no elementor-widget elementor-widget-ma-creative-links\" data-id=\"ac68452\" data-element_type=\"widget\" data-settings=\"{&quot;ekit_we_effect_on&quot;:&quot;none&quot;}\" data-widget_type=\"ma-creative-links.default\">\n\t\t\t\t<div class=\"elementor-widget-container\">\n\t\t\t\t\t\t\t\n\t\t\t<div class=\"jltma-creative-links jltma-cl-effect-1\" id=\"ma-creative-link-ac68452\">\n\t\t\t\t<div class=\"jltma-creative-link\">\n\t\t\t\t\t<a class=\"jltma-creative-link-item\" href=\"\/sperm-dondurma\/\" >\n\n\t\t\t\t\t\tSperm Dondurma\n\n\t\t\t\t\t\t\t\n\n\n\t\t\t\t\t\t\t\n\t\t\t\t\t\t\t\n\t\t\t\t\t<\/a>\n\t\t\t\t<\/div>\n\t\t\t<\/div>\n\n\t\t\t\n\t\t\t\t<\/div>\n\t\t\t\t<\/div>\n\t\t\t\t\t<\/div>\n\t\t<\/div>\n\t\t\t\t<div class=\"has_ma_el_bg_slider elementor-column elementor-col-33 elementor-top-column elementor-element elementor-element-623e0cf jltma-glass-effect-no\" data-id=\"623e0cf\" data-element_type=\"column\">\n\t\t\t<div class=\"elementor-widget-wrap elementor-element-populated\">\n\t\t\t\t\t\t<div class=\"elementor-element elementor-element-92efd98 elementor-widget__width-initial jltma-glass-effect-no elementor-widget elementor-widget-image\" data-id=\"92efd98\" data-element_type=\"widget\" data-settings=\"{&quot;ekit_we_effect_on&quot;:&quot;none&quot;}\" data-widget_type=\"image.default\">\n\t\t\t\t<div class=\"elementor-widget-container\">\n\t\t\t\t\t\t\t\t\t\t\t\t\t\t\t<img decoding=\"async\" width=\"626\" height=\"626\" src=\"https:\/\/drlalebakir.com\/wp-content\/uploads\/2024\/06\/unnamed-file.jpg\" class=\"attachment-full size-full wp-image-7709\" alt=\"\" srcset=\"https:\/\/drlalebakir.com\/wp-content\/uploads\/2024\/06\/unnamed-file.jpg 626w, https:\/\/drlalebakir.com\/wp-content\/uploads\/2024\/06\/unnamed-file-300x300.jpg 300w, https:\/\/drlalebakir.com\/wp-content\/uploads\/2024\/06\/unnamed-file-150x150.jpg 150w\" sizes=\"(max-width: 626px) 100vw, 626px\" \/>\t\t\t\t\t\t\t\t\t\t\t\t\t\t\t<\/div>\n\t\t\t\t<\/div>\n\t\t\t\t<div class=\"elementor-element elementor-element-058805e jltma-glass-effect-no elementor-widget elementor-widget-heading\" data-id=\"058805e\" data-element_type=\"widget\" data-settings=\"{&quot;ekit_we_effect_on&quot;:&quot;none&quot;}\" data-widget_type=\"heading.default\">\n\t\t\t\t<div class=\"elementor-widget-container\">\n\t\t\t\t\t<h3 class=\"elementor-heading-title elementor-size-default\"><span style=\"font-family: Montserrat;font-size: 25px;text-transform: none\">\u041d\u0435\u043e\u0431\u044a\u044f\u0441\u043d\u0438\u043c\u043e\u0435 \u0431\u0435\u0441\u043f\u043b\u043e\u0434\u0438\u0435<\/span><\/h3>\t\t\t\t<\/div>\n\t\t\t\t<\/div>\n\t\t\t\t<div class=\"elementor-element elementor-element-59f4717 jltma-glass-effect-no elementor-widget elementor-widget-ma-creative-links\" data-id=\"59f4717\" data-element_type=\"widget\" data-settings=\"{&quot;ekit_we_effect_on&quot;:&quot;none&quot;}\" data-widget_type=\"ma-creative-links.default\">\n\t\t\t\t<div class=\"elementor-widget-container\">\n\t\t\t\t\t\t\t\n\t\t\t<div class=\"jltma-creative-links jltma-cl-effect-1\" id=\"ma-creative-link-59f4717\">\n\t\t\t\t<div class=\"jltma-creative-link\">\n\t\t\t\t\t<a class=\"jltma-creative-link-item\" href=\"\/aciklanamayan-kisirlik-nedir\/\" >\n\n\t\t\t\t\t\tA\u00e7\u0131klanamayan K\u0131s\u0131rl\u0131k Nedir?\n\n\t\t\t\t\t\t\t\n\n\n\t\t\t\t\t\t\t\n\t\t\t\t\t\t\t\n\t\t\t\t\t<\/a>\n\t\t\t\t<\/div>\n\t\t\t<\/div>\n\n\t\t\t\n\t\t\t\t<\/div>\n\t\t\t\t<\/div>\n\t\t\t\t<div class=\"elementor-element elementor-element-9ac9b51 jltma-glass-effect-no elementor-widget elementor-widget-ma-creative-links\" data-id=\"9ac9b51\" data-element_type=\"widget\" data-settings=\"{&quot;ekit_we_effect_on&quot;:&quot;none&quot;}\" data-widget_type=\"ma-creative-links.default\">\n\t\t\t\t<div class=\"elementor-widget-container\">\n\t\t\t\t\t\t\t\n\t\t\t<div class=\"jltma-creative-links jltma-cl-effect-1\" id=\"ma-creative-link-9ac9b51\">\n\t\t\t\t<div class=\"jltma-creative-link\">\n\t\t\t\t\t<a class=\"jltma-creative-link-item\" href=\"\/tekrarlayan-dusukler\/\" >\n\n\t\t\t\t\t\tTekrarlayan D\u00fc\u015f\u00fckler\n\n\t\t\t\t\t\t\t\n\n\n\t\t\t\t\t\t\t\n\t\t\t\t\t\t\t\n\t\t\t\t\t<\/a>\n\t\t\t\t<\/div>\n\t\t\t<\/div>\n\n\t\t\t\n\t\t\t\t<\/div>\n\t\t\t\t<\/div>\n\t\t\t\t<div class=\"elementor-element elementor-element-82c1193 jltma-glass-effect-no elementor-widget elementor-widget-ma-creative-links\" data-id=\"82c1193\" data-element_type=\"widget\" data-settings=\"{&quot;ekit_we_effect_on&quot;:&quot;none&quot;}\" data-widget_type=\"ma-creative-links.default\">\n\t\t\t\t<div class=\"elementor-widget-container\">\n\t\t\t\t\t\t\t\n\t\t\t<div class=\"jltma-creative-links jltma-cl-effect-1\" id=\"ma-creative-link-82c1193\">\n\t\t\t\t<div class=\"jltma-creative-link\">\n\t\t\t\t\t<a class=\"jltma-creative-link-item\" href=\"\/basarisiz-tup-bebek-denemeleri\/\" >\n\n\t\t\t\t\t\tBa\u015far\u0131s\u0131z T\u00fcp Bebek Denemeleri\n\n\t\t\t\t\t\t\t\n\n\n\t\t\t\t\t\t\t\n\t\t\t\t\t\t\t\n\t\t\t\t\t<\/a>\n\t\t\t\t<\/div>\n\t\t\t<\/div>\n\n\t\t\t\n\t\t\t\t<\/div>\n\t\t\t\t<\/div>\n\t\t\t\t\t<\/div>\n\t\t<\/div>\n\t\t\t\t\t<\/div>\n\t\t<\/section>\n\t\t\t\t<\/div>\n\t\t","protected":false},"excerpt":{"rendered":"<p>\u0416\u0435\u043d\u0441\u043a\u043e\u0435 \u0431\u0435\u0441\u043f\u043b\u043e\u0434\u0438\u0435 Endometriozis Yumurta Rezerv D\u00fc\u015f\u00fckl\u00fc\u011f\u00fc (AMH) Polikistik Over Erken Menopoz \u0130leri Ya\u015f T\u00fcp T\u0131kan\u0131kl\u0131\u011f\u0131 \u041c\u0443\u0436\u0441\u043a\u043e\u0435 \u0431\u0435\u0441\u043f\u043b\u043e\u0434\u0438\u0435 Azospermi \u00dcroloji Varikosel Sperm Dondurma \u041d\u0435\u043e\u0431\u044a\u044f\u0441\u043d\u0438\u043c\u043e\u0435 \u0431\u0435\u0441\u043f\u043b\u043e\u0434\u0438\u0435 A\u00e7\u0131klanamayan K\u0131s\u0131rl\u0131k Nedir? Tekrarlayan D\u00fc\u015f\u00fckler Ba\u015far\u0131s\u0131z T\u00fcp Bebek Denemeleri<\/p>\n","protected":false},"author":1,"featured_media":0,"parent":0,"menu_order":30,"comment_status":"closed","ping_status":"closed","template":"","meta":{"footnotes":""},"class_list":["post-8173","page","type-page","status-publish","hentry"],"_links":{"self":[{"href":"https:\/\/drlalebakir.com\/ru\/wp-json\/wp\/v2\/pages\/8173","targetHints":{"allow":["GET"]}}],"collection":[{"href":"https:\/\/drlalebakir.com\/ru\/wp-json\/wp\/v2\/pages"}],"about":[{"href":"https:\/\/drlalebakir.com\/ru\/wp-json\/wp\/v2\/types\/page"}],"author":[{"embeddable":true,"href":"https:\/\/drlalebakir.com\/ru\/wp-json\/wp\/v2\/users\/1"}],"replies":[{"embeddable":true,"href":"https:\/\/drlalebakir.com\/ru\/wp-json\/wp\/v2\/comments?post=8173"}],"version-history":[{"count":1,"href":"https:\/\/drlalebakir.com\/ru\/wp-json\/wp\/v2\/pages\/8173\/revisions"}],"predecessor-version":[{"id":8175,"href":"https:\/\/drlalebakir.com\/ru\/wp-json\/wp\/v2\/pages\/8173\/revisions\/8175"}],"wp:attachment":[{"href":"https:\/\/drlalebakir.com\/ru\/wp-json\/wp\/v2\/media?parent=8173"}],"curies":[{"name":"wp","href":"https:\/\/api.w.org\/{rel}","templated":true}]}}